{"id":13962,"date":"2025-06-18T10:16:39","date_gmt":"2025-06-18T10:16:39","guid":{"rendered":"https:\/\/www.akmek.no\/hur-vi-arbetar-med-transparenslagen\/"},"modified":"2025-06-18T10:16:39","modified_gmt":"2025-06-18T10:16:39","slug":"hur-vi-arbetar-med-transparenslagen","status":"publish","type":"page","link":"https:\/\/www.akmek.no\/sv\/hur-vi-arbetar-med-transparenslagen\/","title":{"rendered":"Hur vi arbetar med transparenslagen"},"content":{"rendered":"\t\t<div data-elementor-type=\"wp-page\" data-elementor-id=\"13962\" class=\"elementor elementor-13962 elementor-12333\">\n\t\t\t\t\t\t<section class=\"elementor-section elementor-top-section elementor-element elementor-element-a075b52 elementor-section-boxed elementor-section-height-default elementor-section-height-default\" data-id=\"a075b52\" data-element_type=\"section\" data-e-type=\"section\">\n\t\t\t\t\t\t<div class=\"elementor-container elementor-column-gap-default\">\n\t\t\t\t\t<div class=\"elementor-column elementor-col-100 elementor-top-column elementor-element elementor-element-3ca2cd9\" data-id=\"3ca2cd9\" data-element_type=\"column\" data-e-type=\"column\">\n\t\t\t<div class=\"elementor-widget-wrap elementor-element-populated\">\n\t\t\t\t\t\t<div class=\"elementor-element elementor-element-f07b7aa elementor-widget elementor-widget-text-editor\" data-id=\"f07b7aa\" data-element_type=\"widget\" data-e-type=\"widget\" data-widget_type=\"text-editor.default\">\n\t\t\t\t<div class=\"elementor-widget-container\">\n\t\t\t\t\t\t\t\t\t<p><strong>Syftet med transparenslagen \u00e4r att fr\u00e4mja bolagens respekt f\u00f6r grundl\u00e4ggande m\u00e4nskliga r\u00e4ttigheter och anst\u00e4ndiga arbetsvillkor. Den st\u00e4ller ocks\u00e5 krav p\u00e5 \u00f6ppenhet och allm\u00e4nhetens tillg\u00e5ng till hur organisationerna arbetar med detta.<\/strong><\/p>\t\t\t\t\t\t\t\t<\/div>\n\t\t\t\t<\/div>\n\t\t\t\t<div class=\"elementor-element elementor-element-9c1901b elementor-widget elementor-widget-text-editor\" data-id=\"9c1901b\" data-element_type=\"widget\" data-e-type=\"widget\" data-widget_type=\"text-editor.default\">\n\t\t\t\t<div class=\"elementor-widget-container\">\n\t\t\t\t\t\t\t\t\t<p>Enligt transparenslagen kan vem som helst beg\u00e4ra information om hur AK Mekaniske hanterar faktiska och potentiella negativa konsekvenser.<\/p><h4>Enligt lag kan vi avsl\u00e5 f\u00f6ljande f\u00f6rfr\u00e5gningar om information om:<\/h4><ul><li>p\u00e5st\u00e5endet inte ger tillr\u00e4cklig grund f\u00f6r att identifiera vad p\u00e5st\u00e5endet avser<\/li><li>kravet \u00e4r uppenbart osk\u00e4ligt<\/li><li>den beg\u00e4rda informationen g\u00e4ller information om n\u00e5gons personliga f\u00f6rh\u00e5llanden<\/li><li>den beg\u00e4rda informationen avser information om tekniska anordningar och processer eller andra drifts- eller aff\u00e4rsf\u00f6rh\u00e5llanden som det skulle vara av konkurrensm\u00e4ssig betydelse att hemligh\u00e5lla av h\u00e4nsyn till den eller de personer som informationen avser<\/li><\/ul><p>Beg\u00e4ran kan ocks\u00e5 avsl\u00e5s om den beg\u00e4rda informationen \u00e4r sekretessbelagd enligt s\u00e4kerhetsskyddslagen.<\/p><p>Behandlingen av f\u00f6rfr\u00e5gningar om information ska ske i enlighet med kraven i transparenslagen. Informationen ska l\u00e4mnas skriftligen och vara tillr\u00e4cklig och begriplig.<\/p><p>AK Mekaniske ska l\u00e4mna information inom sk\u00e4lig tid och senast tre veckor efter det att beg\u00e4ran om information mottogs. Om den beg\u00e4rda informationen eller typen av information g\u00f6r det oproportionerligt betungande att besvara beg\u00e4ran om information inom tre veckor, ska informationen tillhandah\u00e5llas inom tv\u00e5 m\u00e5nader fr\u00e5n det att beg\u00e4ran mottogs. AK Mekaniske ska d\u00e4refter, senast tre veckor efter det att beg\u00e4ran om information mottogs, informera den som beg\u00e4r information om f\u00f6rl\u00e4ngningen av tidsfristen, sk\u00e4len till f\u00f6rl\u00e4ngningen och n\u00e4r informationen kan f\u00f6rv\u00e4ntas.<\/p><p>Om AK Mekaniske avsl\u00e5r en beg\u00e4ran om information ska f\u00f6retaget informera dig om den r\u00e4ttsliga grunden f\u00f6r avslaget, r\u00e4tten och tidsfristen p\u00e5 tre veckor f\u00f6r att beg\u00e4ra en mer detaljerad motivering till avslaget och att Konsumentverket \u00e4r tillsyns- och v\u00e4gledningsorgan.<\/p><h5><a href=\"http:\/\/akmek.no\/wp-content\/uploads\/2023\/07\/Rapport-Apenhetsloven-2023-1.pdf\">L\u00e4s v\u00e5r rapport om insynslagen f\u00f6r 2023<\/a><\/h5><p>Skicka eventuella fr\u00e5gor till <u>bente&#64;akmek&#46;&#110;&#111;<\/u><\/p><h5><a href=\"http:\/\/akmek.no\/wp-content\/uploads\/2023\/07\/Rutine-for-forankring-av-arbeidet-med-Apenhetsloven-2023.pdf\">L\u00e4s v\u00e5ra riktlinjer f\u00f6r att arbeta med transparenslagen<\/a><\/h5>\t\t\t\t\t\t\t\t<\/div>\n\t\t\t\t<\/div>\n\t\t\t\t\t<\/div>\n\t\t<\/div>\n\t\t\t\t\t<\/div>\n\t\t<\/section>\n\t\t\t\t<\/div>\n\t\t","protected":false},"excerpt":{"rendered":"<p>Syftet med transparenslagen \u00e4r att fr\u00e4mja bolagens respekt f\u00f6r grundl\u00e4ggande m\u00e4nskliga r\u00e4ttigheter och anst\u00e4ndiga arbetsvillkor. Den st\u00e4ller ocks\u00e5 krav p\u00e5 \u00f6ppenhet och allm\u00e4nhetens tillg\u00e5ng till hur organisationerna&hellip;<\/p>\n<p> <a class=\"more-link\" href=\"https:\/\/www.akmek.no\/sv\/hur-vi-arbetar-med-transparenslagen\/\">Les mer<\/a><\/p>\n","protected":false},"author":1,"featured_media":0,"parent":0,"menu_order":0,"comment_status":"closed","ping_status":"closed","template":"","meta":{"footnotes":""},"class_list":["post-13962","page","type-page","status-publish","hentry"],"yoast_head":"<!-- This site is optimized with the Yoast SEO plugin v27.1.1 - https:\/\/yoast.com\/product\/yoast-seo-wordpress\/ -->\n<title>Hur vi arbetar med transparenslagen - AK Mekaniske<\/title>\n<meta name=\"robots\" content=\"index, follow, max-snippet:-1, max-image-preview:large, max-video-preview:-1\" \/>\n<link rel=\"canonical\" href=\"https:\/\/www.akmek.no\/slik-jobber-vi-med-apenhetsloven\/\" \/>\n<meta property=\"og:locale\" content=\"sv_SE\" \/>\n<meta property=\"og:type\" content=\"article\" \/>\n<meta property=\"og:title\" content=\"Hur vi arbetar med transparenslagen - AK Mekaniske\" \/>\n<meta property=\"og:description\" content=\"Syftet med transparenslagen \u00e4r att fr\u00e4mja bolagens respekt f\u00f6r grundl\u00e4ggande m\u00e4nskliga r\u00e4ttigheter och anst\u00e4ndiga arbetsvillkor. Den st\u00e4ller ocks\u00e5 krav p\u00e5 \u00f6ppenhet och allm\u00e4nhetens tillg\u00e5ng till hur organisationerna&hellip;  Les mer\" \/>\n<meta property=\"og:url\" content=\"https:\/\/www.akmek.no\/slik-jobber-vi-med-apenhetsloven\/\" \/>\n<meta property=\"og:site_name\" content=\"AK Mekaniske\" \/>\n<meta name=\"twitter:card\" content=\"summary_large_image\" \/>\n<meta name=\"twitter:label1\" content=\"Ber\u00e4knad l\u00e4stid\" \/>\n\t<meta name=\"twitter:data1\" content=\"2 minuter\" \/>\n<script type=\"application\/ld+json\" class=\"yoast-schema-graph\">{\"@context\":\"https:\/\/schema.org\",\"@graph\":[{\"@type\":\"WebPage\",\"@id\":\"https:\/\/www.akmek.no\/slik-jobber-vi-med-apenhetsloven\/\",\"url\":\"https:\/\/www.akmek.no\/slik-jobber-vi-med-apenhetsloven\/\",\"name\":\"Hur vi arbetar med transparenslagen - AK Mekaniske\",\"isPartOf\":{\"@id\":\"https:\/\/www.akmek.no\/#website\"},\"datePublished\":\"2025-06-18T10:16:39+00:00\",\"breadcrumb\":{\"@id\":\"https:\/\/www.akmek.no\/slik-jobber-vi-med-apenhetsloven\/#breadcrumb\"},\"inLanguage\":\"sv-SE\",\"potentialAction\":[{\"@type\":\"ReadAction\",\"target\":[\"https:\/\/www.akmek.no\/slik-jobber-vi-med-apenhetsloven\/\"]}]},{\"@type\":\"BreadcrumbList\",\"@id\":\"https:\/\/www.akmek.no\/slik-jobber-vi-med-apenhetsloven\/#breadcrumb\",\"itemListElement\":[{\"@type\":\"ListItem\",\"position\":1,\"name\":\"Hjem\",\"item\":\"https:\/\/www.akmek.no\/sv\/\"},{\"@type\":\"ListItem\",\"position\":2,\"name\":\"Hur vi arbetar med transparenslagen\"}]},{\"@type\":\"WebSite\",\"@id\":\"https:\/\/www.akmek.no\/#website\",\"url\":\"https:\/\/www.akmek.no\/\",\"name\":\"AK Mekaniske\",\"description\":\"Vi kan st\u00e5l\",\"potentialAction\":[{\"@type\":\"SearchAction\",\"target\":{\"@type\":\"EntryPoint\",\"urlTemplate\":\"https:\/\/www.akmek.no\/?s={search_term_string}\"},\"query-input\":{\"@type\":\"PropertyValueSpecification\",\"valueRequired\":true,\"valueName\":\"search_term_string\"}}],\"inLanguage\":\"sv-SE\"}]}<\/script>\n<!-- \/ Yoast SEO plugin. -->","yoast_head_json":{"title":"Hur vi arbetar med transparenslagen - AK Mekaniske","robots":{"index":"index","follow":"follow","max-snippet":"max-snippet:-1","max-image-preview":"max-image-preview:large","max-video-preview":"max-video-preview:-1"},"canonical":"https:\/\/www.akmek.no\/slik-jobber-vi-med-apenhetsloven\/","og_locale":"sv_SE","og_type":"article","og_title":"Hur vi arbetar med transparenslagen - AK Mekaniske","og_description":"Syftet med transparenslagen \u00e4r att fr\u00e4mja bolagens respekt f\u00f6r grundl\u00e4ggande m\u00e4nskliga r\u00e4ttigheter och anst\u00e4ndiga arbetsvillkor. Den st\u00e4ller ocks\u00e5 krav p\u00e5 \u00f6ppenhet och allm\u00e4nhetens tillg\u00e5ng till hur organisationerna&hellip;  Les mer","og_url":"https:\/\/www.akmek.no\/slik-jobber-vi-med-apenhetsloven\/","og_site_name":"AK Mekaniske","twitter_card":"summary_large_image","twitter_misc":{"Ber\u00e4knad l\u00e4stid":"2 minuter"},"schema":{"@context":"https:\/\/schema.org","@graph":[{"@type":"WebPage","@id":"https:\/\/www.akmek.no\/slik-jobber-vi-med-apenhetsloven\/","url":"https:\/\/www.akmek.no\/slik-jobber-vi-med-apenhetsloven\/","name":"Hur vi arbetar med transparenslagen - AK Mekaniske","isPartOf":{"@id":"https:\/\/www.akmek.no\/#website"},"datePublished":"2025-06-18T10:16:39+00:00","breadcrumb":{"@id":"https:\/\/www.akmek.no\/slik-jobber-vi-med-apenhetsloven\/#breadcrumb"},"inLanguage":"sv-SE","potentialAction":[{"@type":"ReadAction","target":["https:\/\/www.akmek.no\/slik-jobber-vi-med-apenhetsloven\/"]}]},{"@type":"BreadcrumbList","@id":"https:\/\/www.akmek.no\/slik-jobber-vi-med-apenhetsloven\/#breadcrumb","itemListElement":[{"@type":"ListItem","position":1,"name":"Hjem","item":"https:\/\/www.akmek.no\/sv\/"},{"@type":"ListItem","position":2,"name":"Hur vi arbetar med transparenslagen"}]},{"@type":"WebSite","@id":"https:\/\/www.akmek.no\/#website","url":"https:\/\/www.akmek.no\/","name":"AK Mekaniske","description":"Vi kan st\u00e5l","potentialAction":[{"@type":"SearchAction","target":{"@type":"EntryPoint","urlTemplate":"https:\/\/www.akmek.no\/?s={search_term_string}"},"query-input":{"@type":"PropertyValueSpecification","valueRequired":true,"valueName":"search_term_string"}}],"inLanguage":"sv-SE"}]}},"_links":{"self":[{"href":"https:\/\/www.akmek.no\/sv\/wp-json\/wp\/v2\/pages\/13962","targetHints":{"allow":["GET"]}}],"collection":[{"href":"https:\/\/www.akmek.no\/sv\/wp-json\/wp\/v2\/pages"}],"about":[{"href":"https:\/\/www.akmek.no\/sv\/wp-json\/wp\/v2\/types\/page"}],"author":[{"embeddable":true,"href":"https:\/\/www.akmek.no\/sv\/wp-json\/wp\/v2\/users\/1"}],"replies":[{"embeddable":true,"href":"https:\/\/www.akmek.no\/sv\/wp-json\/wp\/v2\/comments?post=13962"}],"version-history":[{"count":1,"href":"https:\/\/www.akmek.no\/sv\/wp-json\/wp\/v2\/pages\/13962\/revisions"}],"predecessor-version":[{"id":13964,"href":"https:\/\/www.akmek.no\/sv\/wp-json\/wp\/v2\/pages\/13962\/revisions\/13964"}],"wp:attachment":[{"href":"https:\/\/www.akmek.no\/sv\/wp-json\/wp\/v2\/media?parent=13962"}],"curies":[{"name":"wp","href":"https:\/\/api.w.org\/{rel}","templated":true}]}}