{"id":14044,"date":"2025-11-06T19:41:08","date_gmt":"2025-11-06T19:41:08","guid":{"rendered":"https:\/\/www.akmek.no\/kop-generisk-viagra-receptfritt-i-ett-onlineapotek\/"},"modified":"2026-01-17T22:14:08","modified_gmt":"2026-01-17T22:14:08","slug":"kop-generisk-viagra-receptfritt-i-ett-onlineapotek","status":"publish","type":"page","link":"https:\/\/www.akmek.no\/sv\/kop-generisk-viagra-receptfritt-i-ett-onlineapotek\/","title":{"rendered":"K\u00f6p generisk Viagra receptfritt i ett onlineapotek"},"content":{"rendered":"<h1>K\u00f6p generisk Viagra online utan recept i Storbritannien<\/h1>\n<p><img fetchpriority=\"high\" decoding=\"async\" class=\"aligncenter\" src=\"https:\/\/www.akmek.no\/wp-content\/uploads\/2023\/10\/viagra-generic.jpg\" alt=\"Generisk Viagra online utan recept i Storbritannien\" width=\"500\" height=\"457\"><\/p>\n<table style=\"width:100%; max-width:600px; border-collapse:collapse; margin:20px auto; font-family:Arial, sans-serif; text-align:left; border:1px solid #ccc;\">\n<tr style=\"background-color:#f2f2f2;\">\n<th colspan=\"2\" style=\"padding:12px; font-size:20px; text-align:center;\">Generisk Viagra<\/th>\n<\/tr>\n<tr>\n<td style=\"padding:10px; font-weight:bold; border-top:1px solid #ccc;\">Aktivt inneh\u00e5lls\u00e4mne:<\/td>\n<td style=\"padding:10px; border-top:1px solid #ccc;\">Sildenafil<\/td>\n<\/tr>\n<tr>\n<td style=\"padding:10px; font-weight:bold; border-top:1px solid #ccc;\">Tillg\u00e4ngliga doser:<\/td>\n<td style=\"padding:10px; border-top:1px solid #ccc;\">25 mg, 50 mg, 100 mg, 150 mg, 200 mg<\/td>\n<\/tr>\n<tr>\n<td style=\"padding:10px; font-weight:bold; border-top:1px solid #ccc;\">F\u00f6rpackningsstorlekar:<\/td>\n<td style=\"padding:10px; border-top:1px solid #ccc;\">10, 20, 30, 60, 90, 120, 180, 270 tabletter<\/td>\n<\/tr>\n<tr>\n<td style=\"padding:10px; font-weight:bold; border-top:1px solid #ccc;\">K\u00f6p online:<\/td>\n<td style=\"padding:10px; border-top:1px solid #ccc;\">24\/7<\/td>\n<\/tr>\n<tr>\n<td style=\"padding:10px; font-weight:bold; border-top:1px solid #ccc;\">Tillg\u00e4nglig \u00f6ver disk:<\/td>\n<td style=\"padding:10px; border-top:1px solid #ccc;\">Ja<\/td>\n<\/tr>\n<\/table>\n<div style=\"text-align:center;margin-top:30px;margin-bottom:40px;\">\n  <a href=\"https:\/\/norgepotensmiddel.com\/viagra-generic\" target=\"_blank\" rel=\"nofollow\" class=\"button-link\" style=\"  display:flex; justify-content:center; align-items:center; background-color:#007BFF; color:white; font-size:24px; font-weight:bold; text-transform:uppercase; padding:20px 50px; border-radius:12px; text-decoration:none; letter-spacing:2px; box-shadow:0 4px 12px rgba(0,0,0,0.2); width:100%; max-width:350px; margin:0 auto; height:70px;  \"><br \/>\n  K\u00f6p Viagra<br \/>\n  <\/a>\n<\/div>\n<p>Men trots att erektil dysfunktion \u00e4r vanligt f\u00f6rekommande i alla delar av befolkningen och drabbar tusentals m\u00e4n varje \u00e5r, \u00e4r \u00e4mnet tyv\u00e4rr tabubelagt, vilket ofta leder till otillr\u00e4cklig behandling. Det finns dock behandlingar, och sexuella f\u00f6rst\u00e4rkare kan effektivt hj\u00e4lpa till att \u00e5terf\u00e5 ett aktivt och h\u00e4lsosamt sexliv. Viagra \u00e4r utan tvekan det mest v\u00e4lk\u00e4nda potenspillret. Det \u00e4r ocks\u00e5 den mest popul\u00e4ra sexuella f\u00f6rb\u00e4ttraren i Storbritannien. Det \u00e4r k\u00e4nt och anv\u00e4nds av m\u00e4n \u00f6ver hela v\u00e4rlden.    <\/p>\n<p>Den aktiva ingrediensen i Viagra \u00e4r Sildenafil. Denna ingrediens f\u00e5r musklerna runt blodk\u00e4rlen som leder till penis att slappna av, vilket g\u00f6r att blod kan samlas och en erektion kan uppn\u00e5s. Pillret tas cirka en timme f\u00f6re \u00f6nskad effekt och effekten varar i cirka 4-6 timmar.  <\/p>\n<p>Vi erbjuder alla m\u00e4n som vill beh\u00e5lla, st\u00e4rka eller \u00e5terf\u00e5 sin erektion en kvalitetss\u00e4krad Viagra. V\u00e5r plattform \u00e4r ett onlineapotek som s\u00e4ljer original- och generiska potensl\u00e4kemedel, tillverkade och distribuerade av de mest prestigefyllda laboratorierna p\u00e5 marknaden. Denna onlinetj\u00e4nst kan b\u00e4st beskrivas med tre ord: enkel, bekv\u00e4m och diskret. Servicepaketet riktar sig till kunder som vill k\u00f6pa Viagra s\u00e4kert online snabbt och enkelt hemifr\u00e5n eller p\u00e5 jobbet och f\u00e5 det levererat samtidigt som de sparar pengar.   <\/p>\n<h2>Vad g\u00f6r generisk Viagra?<\/h2>\n<p>Viagra \u00e4r ett l\u00e4kemedel i tablettform som m\u00e4n kan ta om de har sv\u00e5rt att f\u00e5 erektion vid samlag. Potensmedicinen verkar genom att f\u00f6rst\u00e4rka den naturliga f\u00f6rm\u00e5gan att f\u00e5 erektion n\u00e4r mannen \u00e4r sexuellt stimulerad. Med andra ord fungerar Viagra bara om mannen vill ha sex i f\u00f6rv\u00e4g.  <\/p>\n<p><b>F\u00f6rdelar:<\/b><\/p>\n<ul>\n<li aria-level=\"1\">V\u00e4rldens mest anv\u00e4nda potensmedel<\/li>\n<li aria-level=\"1\">Slappnar av musklerna runt blodk\u00e4rlen och ger erektion<\/li>\n<li aria-level=\"1\">Arbetar redan inom en halv till en hel timme<\/li>\n<li aria-level=\"1\">Effekten varar i 4 till 6 timmar.<\/li>\n<li aria-level=\"1\">Det bl\u00e5 pillret har funnits p\u00e5 marknaden sedan 1998 och det finns goda sk\u00e4l till varf\u00f6r det klassiska pillret fortfarande \u00e4r det mest popul\u00e4ra. Rigor\u00f6sa kliniska tester har upprepade g\u00e5nger visat goda resultat, och anv\u00e4ndarn\u00f6jdheten pekar i samma riktning &#8211; \u00f6ver 80 procent \u00e4r n\u00f6jda med den effekt de upplever n\u00e4r de tar l\u00e4kemedlet. <\/li>\n<\/ul>\n<p>Sedan dess har flera olika typer av l\u00e4kemedel med samma effekt kommit ut p\u00e5 marknaden, och 2003 f\u00f6ljde <a href=\"https:\/\/www.akmek.no\/sv\/kop-generisk-cialis-receptfritt-i-ett-onlineapotek\/\">Cialis<\/a> fr\u00e5n Eli Lilly och Levitra fr\u00e5n Bayer. Alla m\u00e4n har m\u00f6jlighet att ha ett v\u00e4l fungerande sexliv! <\/p>\n<h2>Vad \u00e4r skillnaden mellan Sildenafil och Viagra?<\/h2>\n<p>Om du letar efter ett billigare alternativ till Viagra \u00e4r Sildenafil (Generic Viagra) den r\u00e4tta l\u00f6sningen. Vi s\u00e4ljer denna och andra potensprodukter fr\u00e5n de ledande l\u00e4kemedelsf\u00f6retagen som kom in p\u00e5 marknaden efter Pfizers patentutg\u00e5ng. <\/p>\n<h2>Hur fungerar Viagra?<\/h2>\n<p>Fenomenet erektion beror p\u00e5 avslappning av de sl\u00e4ta musklerna i penisens kavern\u00f6sa kroppar f\u00f6ljt av arteriell vasodilatation. Fosfodiesteras-5 (PDE-5)-h\u00e4mmare \u00e4r en s\u00e4rskild klass av l\u00e4kemedel som verkar p\u00e5 blodk\u00e4rlen. Den aktiva substansen Sildenafil verkar genom att h\u00e4mma PDE-5-h\u00e4mmaren, vilket leder till \u00f6kat blodfl\u00f6de p\u00e5 grund av den \u00f6kade koncentrationen av cGMP, f\u00f6ljt av en f\u00f6rb\u00e4ttring av erektionen.  <\/p>\n<h3>Hur mycket Viagra ska jag ta?<\/h3>\n<p>Viagra finns i olika doser, och den r\u00e4tta dosen beror p\u00e5 den enskilda patientens behov och reaktion p\u00e5 l\u00e4kemedlet. Den typiska dosen av Viagra \u00e4r 100 mg. Dosen kan dock justeras beroende p\u00e5 patientens svar.  <\/p>\n<p>F\u00f6r vissa m\u00e4n kan en dos p\u00e5 50 mg vara tillr\u00e4cklig, s\u00e4rskilt om de upplever biverkningar vid en h\u00f6gre dos eller har vissa medicinska tillst\u00e5nd.<\/p>\n<h3>Hur snabbt fungerar Viagra?<\/h3>\n<p>De f\u00f6rsta effekterna b\u00f6r redan visas 30 till 60 minuter efter att ha tagit l\u00e4kemedlet. Inom hela verksamhetsperioden p\u00e5 4 till 6 timmar kan det leda till flera erektioner av den manliga medlemmen. <\/p>\n<h3>Hur fungerar Viagra b\u00e4st?<\/h3>\n<p>Om du tar tabletten tillsammans med en stor m\u00e5ltid kan effekten komma senare.<\/p>\n<p>Viagra utvecklar sitt optimala verkningss\u00e4tt endast om de manliga k\u00f6nsorganen verkligen \u00e4r sexuellt upphetsade.<\/p>\n<p>Det \u00e4r ocks\u00e5 viktigt att notera att Viagra endast ska tas en g\u00e5ng om dagen och inte oftare.<\/p>\n<h3>Kan jag ta 2 Viagra-piller?<\/h3>\n<p>Du b\u00f6r strikt f\u00f6lja de officiella rekommendationerna. D\u00e4rf\u00f6r \u00e4r det f\u00f6rbjudet att ta tv\u00e5 piller samtidigt. <\/p>\n<h2>Var kan man k\u00f6pa generisk Viagra online?<\/h2>\n<p>P\u00e5 v\u00e5r onlineplattform vill vi ta alla de f\u00f6rdelar du kan uppleva p\u00e5 ditt lokala apotek, ge dem energi och g\u00f6ra livet lite enklare f\u00f6r dig n\u00e4r du beh\u00f6ver k\u00f6pa Viagra f\u00f6r m\u00e4n.<\/p>\n<p>Det finns n\u00e5gra f\u00f6rdelar med att best\u00e4lla Viagra fr\u00e5n ett onlineapotek:<\/p>\n<ul>\n<li aria-level=\"1\">Bekv\u00e4mlighet: Du kan boka n\u00e4r som helst och du beh\u00f6ver inte l\u00e4mna huset.<\/li>\n<li aria-level=\"1\">Prisj\u00e4mf\u00f6relse: Onlineapotek erbjuder billigare priser \u00e4n ditt lokala apotek.<\/li>\n<li aria-level=\"1\">Vi levererar till hela Norge &#8211; och dina potenspiller levereras diskret i ett neutralt paket till exakt den adress du vill ha.<\/li>\n<\/ul>\n<p>V\u00e5rt expertteam v\u00e4rdes\u00e4tter dig, och d\u00e4rf\u00f6r har vi gjort det till v\u00e5r h\u00f6gsta prioritet att erbjuda produkter som passar alla budgetar. Dessutom f\u00e5r du alltid utm\u00e4rkt kundservice, en s\u00e4ker varukorg och snabb leverans. <\/p>\n<h2>Vad kostar Viagra receptfritt?<\/h2>\n<p>Att behandla erektil dysfunktion kan vara dyrt, s\u00e5 det \u00e4r viktigt att f\u00f6rst\u00e5 hur mycket dina piller kostar och hur du kan spara pengar s\u00e5 att du har tillg\u00e5ng till sildenafil. Vi \u00e4r direktleverant\u00f6rer av Viagra och generisk version. D\u00e4rf\u00f6r kan du best\u00e4lla &#8221;det bl\u00e5 pillret&#8221; till ett \u00f6verkomligt pris hos oss.  <\/p>\n<p><b>Bra onlinepriser p\u00e5 Viagra<\/b><\/p>\n<table>\n<tbody>\n<tr>\n<td><b>Varum\u00e4rkesnamn<\/b><\/td>\n<td><b>Pris per tablett<\/b><\/td>\n<td><b>Pris per f\u00f6rpackning<\/b><\/td>\n<\/tr>\n<tr>\n<td>Viagra 100 mg<\/td>\n<td>9,75 \u20ac<\/td>\n<td>39 \u20ac \u00d7 4 tabletter<\/td>\n<\/tr>\n<tr>\n<td>Viagra Generisk 100 mg<\/td>\n<td>2,70 \u20ac<\/td>\n<td>27 \u20ac \u00d7 10 tabletter<\/td>\n<\/tr>\n<\/tbody>\n<\/table>\n<p>Flexibla betalningsalternativ \u00e4r tillg\u00e4ngliga p\u00e5 v\u00e5rt onlineapotek: Visa, Mastercard och bank\u00f6verf\u00f6ring.<\/p>\n<h3>Biverkningar av Viagra<\/h3>\n<p>Som med alla l\u00e4kemedel finns det ocks\u00e5 biverkningar av att ta Viagra. De vanligaste biverkningarna \u00e4r: huvudv\u00e4rk, illam\u00e5ende, n\u00e4st\u00e4ppa, v\u00e4rmevallningar, rodnad, yrsel och synst\u00f6rningar. De flesta av dessa \u00e4r dock relativt milda och f\u00f6rsvinner efter n\u00e5gra timmar.  <\/p>\n<p>Om du har en erektion som varar l\u00e4ngre \u00e4n 4 timmar b\u00f6r du omedelbart s\u00f6ka l\u00e4karv\u00e5rd.<\/p>\n<h3>Varningar och f\u00f6rsiktighets\u00e5tg\u00e4rder<\/h3>\n<p>Dessa tabletter \u00e4r s\u00e4kra f\u00f6r de flesta friska m\u00e4n \u00f6ver 18 \u00e5r, men de kan vara ol\u00e4mpliga f\u00f6r personer med tillst\u00e5nd som h\u00f6gt eller l\u00e5gt blodtryck, vissa hj\u00e4rtproblem, vissa \u00f6gonsjukdomar och lever- eller njursjukdom.<\/p>\n<p>F\u00f6rsiktighet vid konsumtion av alkohol under behandling med Viagra.<\/p>\n<p>Sildenafil kan orsaka farliga interaktioner n\u00e4r det anv\u00e4nds samtidigt med nitrater och alfa-blockerare, som anv\u00e4nds f\u00f6r att behandla h\u00f6gt blodtryck.<\/p>\n<p>Andra l\u00e4kemedel som ocks\u00e5 kan interagera med Viagra inkluderar vissa antibiotika och svampd\u00f6dande l\u00e4kemedel. Ta inte detta piller med andra liknande l\u00e4kemedel f\u00f6r erektil dysfunktion. <\/p>\n<style>\n    .wrapper {\n        display: flex;\n        flex-wrap: wrap;\n        max-width: 900px;\n        margin: auto;\n        gap: 20px;\n        font-family: Arial, sans-serif;\n    }\n    .left, .right {\n        background-color: #f9f9f9;\n        border: 1px solid #ddd;\n        border-radius: 5px;\n        padding: 15px;\n        box-sizing: border-box;\n    }\n    .left {\n        flex: 2 1 600px;\n    }\n    .right {\n        flex: 1 1 280px;\n    }\n    iframe {\n        width: 100%;\n        height: 450px;\n        border: 0;\n        border-radius: 5px;\n    }\n    .hours {\n        margin-top: 20px;\n        padding: 15px;\n        background-color: #f4f4f4;\n        border-left: 4px solid #4CAF50;\n        border-radius: 3px;\n    }\n    .hours h3 {\n        margin-top: 0;\n    }\n    .contatti h3 {\n        margin-top: 0;\n    }\n    .contatti a {\n        color: #0073e6;\n        text-decoration: none;\n    }\n    .contatti a:hover {\n        text-decoration: underline;\n    }\n    @media (max-width: 700px) {\n        .wrapper {\n            flex-direction: column;\n        }\n        .left, .right {\n            flex: 1 1 100%;\n        }\n        iframe {\n            height: 300px;\n        }\n    }\n<\/style>\n<div class=\"wrapper\">\n<div class=\"left\">\n        <iframe src=\"https:\/\/www.google.com\/maps\/embed?pb=!1m18!1m12!1m3!1d2525.012984146169!2d10.348923719947289!3d63.416440770834136!2m3!1f0!2f0!3f0!3m2!1i1024!2i768!4f13.1!3m3!1m2!1s0x466d321f46b4d999%3A0xcb14cc4b1fc99882!2sApotek%201%20Sverresborg!5e0!3m2!1sno!2sno!4v1760223919884!5m2!1sno!2sno\" allowfullscreen=\"\" loading=\"lazy\" referrerpolicy=\"no-referrer-when-downgrade\"><br \/>\n        <\/iframe><\/p>\n<div class=\"hours\">\n<h3>\u00d6ppeth\u00e5llningstider:<\/h3>\n<ul>\n<li><strong>M\u00e5ndag &#8211; s\u00f6ndag:<\/strong> \u00d6ppet 24\/7 (onlineapotek)<\/li>\n<\/ul><\/div>\n<\/p><\/div>\n<div class=\"right contatti\">\n<h3>Kontaktuppgifter<\/h3>\n<p><strong>Adress: Gamle Oslovei 1<\/strong> Gamle Oslovei 1, 7020 Trondheim, Norge<\/p>\n<p><strong>Telefon: +47 7352 3110<\/strong> <a href=\"tel:+4773523110\">+47 7352 3110<\/a><\/p>\n<\/p><\/div>\n<\/div>\n<p><script type=\"application\/ld+json\">\n{\n  \"@context\": \"https:\/\/schema.org\/\",\n  \"@type\": \"Product\",\n  \"name\": \"Viagra Generisk\",\n  \"image\": \"https:\/\/www.akmek.no\/wp-content\/uploads\/2023\/10\/viagra-generic.jpg\",\n  \"description\": \"Kj\u00f8p generisk Viagra uten resept p\u00e5 nett i Norge. Rask levering, lave priser og diskret emballasje. Trygg handel online!\",\n  \"brand\": {\n    \"@type\": \"Brand\",\n    \"name\": \"Teva\"\n  },\n  \"offers\": {\n    \"@type\": \"AggregateOffer\",\n    \"url\": \"https:\/\/www.akmek.no\/kjop-generisk-viagra-reseptfritt\/\",\n    \"availability\": \"https:\/\/schema.org\/InStock\",\n    \"priceCurrency\": \"NOK\",\n    \"lowPrice\": \"0.56\",\n    \"highPrice\": \"3.9\",\n    \"priceValidUntil\": \"2026-08-04\",\n    \"offerCount\": \"45\",\n    \"sku\": \"sild-01\"\n  },\n  \"hasMerchantReturnPolicy\": {\n    \"@type\": \"MerchantReturnPolicy\",\n    \"applicableCountry\": \"NO\",\n    \"returnPolicyCategory\": \"https:\/\/schema.org\/MerchantReturnFiniteReturnWindow\",\n    \"merchantReturnDays\": \"15\",\n    \"returnMethod\": \"https:\/\/schema.org\/ReturnByMail\",\n    \"returnFees\": \"https:\/\/schema.org\/FreeReturn\"\n  },\n  \"aggregateRating\": {\n    \"@type\": \"AggregateRating\",\n    \"ratingValue\": \"4.92\",\n    \"bestRating\": \"5\",\n    \"worstRating\": \"1\",\n    \"ratingCount\": \"207\"\n  }\n}\n<\/script><\/p>\n<p><script type=\"application\/ld+json\">\n{\n  \"@context\":\"http:\/\/schema.org\",\n  \"@type\":\"WebPage\",\n  \"url\":\"https:\/\/www.akmek.no\/kjop-generisk-viagra-reseptfritt\/\",\n  \"headline\":\"Kj\u00f8p generisk Viagra reseptfritt i et nettapotek\",\n  \"description\":\"Kj\u00f8p generisk Viagra uten resept p\u00e5 nett i Norge. Rask levering, lave priser og diskret emballasje. Trygg handel online!\",\n  \"mainEntityOfPage\": {\n    \"@type\":\"WebPage\",\n    \"@id\":\"https:\/\/www.akmek.no\/kjop-generisk-viagra-reseptfritt\/\"\n  },\n  \"dateModified\":\"2023-03-22 13:14:04\",\n  \"lastReviewed\":\"2023-07-22 21:16:56\",\n  \"publisher\": {\n    \"@type\":\"Organization\",\n    \"name\":\"Kj\u00f8p generisk Viagra reseptfritt i et nettapotek\"\n  }\n}\n<\/script><\/p>\n<p><script type=\"application\/ld+json\">\n{\n  \"@context\": \"http:\/\/schema.org\",\n  \"@type\": \"MedicalBusiness\",\n  \"name\": \"Akmek Apotek\",\n  \"@id\": \"https:\/\/www.akmek.no\/\",\n  \"url\": \"https:\/\/www.akmek.no\/\",\n  \"telephone\": \"+47 7352 3110\",\n  \"address\": {\n    \"@type\": \"PostalAddress\",\n    \"streetAddress\": \"Gamle Oslovei 1\",\n    \"addressLocality\": \"Trondheim\",\n    \"postalCode\": \"7020\",\n    \"addressCountry\": \"NO\"\n  },\n  \"openingHoursSpecification\": [\n    {\n      \"@type\": \"OpeningHoursSpecification\",\n      \"dayOfWeek\": \"Monday\",\n      \"opens\": \"00:00:00\",\n      \"closes\": \"23:59:59\"\n    },\n    {\n      \"@type\": \"OpeningHoursSpecification\",\n      \"dayOfWeek\": \"Tuesday\",\n      \"opens\": \"00:00:00\",\n      \"closes\": \"23:59:59\"\n    },\n    {\n      \"@type\": \"OpeningHoursSpecification\",\n      \"dayOfWeek\": \"Wednesday\",\n      \"opens\": \"00:00:00\",\n      \"closes\": \"23:59:59\"\n    },\n    {\n      \"@type\": \"OpeningHoursSpecification\",\n      \"dayOfWeek\": \"Thursday\",\n      \"opens\": \"00:00:00\",\n      \"closes\": \"23:59:59\"\n    },\n    {\n      \"@type\": \"OpeningHoursSpecification\",\n      \"dayOfWeek\": \"Friday\",\n      \"opens\": \"00:00:00\",\n      \"closes\": \"23:59:59\"\n    },\n    {\n      \"@type\": \"OpeningHoursSpecification\",\n      \"dayOfWeek\": \"Saturday\",\n      \"opens\": \"00:00:00\",\n      \"closes\": \"23:59:59\"\n    },\n    {\n      \"@type\": \"OpeningHoursSpecification\",\n      \"dayOfWeek\": \"Sunday\",\n      \"opens\": \"00:00:00\",\n      \"closes\": \"23:59:59\"\n    }\n  ]\n}\n<\/script><\/p>\n<p><script type=\"application\/ld+json\">\n{\n  \"@context\": \"https:\/\/schema.org\/\",\n  \"@type\": \"BreadcrumbList\",\n  \"itemListElement\": [\n    {\n      \"@type\": \"ListItem\",\n      \"position\": 1,\n      \"name\": \"Hjem\",\n      \"item\": \"https:\/\/www.akmek.no\/\"\n    },\n    {\n      \"@type\": \"ListItem\",\n      \"position\": 2,\n      \"name\": \"Kj\u00f8p generisk Viagra uten resept p\u00e5 nett i Norge\",\n      \"item\": \"https:\/\/www.akmek.no\/kjop-generisk-viagra-reseptfritt\/\"\n    }\n  ]\n}\n<\/script><\/p>\n","protected":false},"excerpt":{"rendered":"<p>K\u00f6p generisk Viagra online utan recept i Storbritannien Generisk Viagra Aktivt inneh\u00e5lls\u00e4mne: Sildenafil Tillg\u00e4ngliga doser: 25 mg, 50 mg, 100 mg, 150 mg, 200 mg F\u00f6rpackningsstorlekar: 10,&hellip;<\/p>\n<p> <a class=\"more-link\" href=\"https:\/\/www.akmek.no\/sv\/kop-generisk-viagra-receptfritt-i-ett-onlineapotek\/\">Les mer<\/a><\/p>\n","protected":false},"author":8,"featured_media":0,"parent":0,"menu_order":0,"comment_status":"closed","ping_status":"closed","template":"..\/public\/views\/revslider-page-template.php","meta":{"footnotes":""},"class_list":["post-14044","page","type-page","status-publish","hentry"],"yoast_head":"<!-- This site is optimized with the Yoast SEO plugin v27.1.1 - https:\/\/yoast.com\/product\/yoast-seo-wordpress\/ -->\n<title>K\u00f6p generisk Viagra receptfritt i ett onlineapotek<\/title>\n<meta name=\"description\" content=\"K\u00f6p generisk Viagra utan recept online i Storbritannien. Snabb leverans, l\u00e5ga priser och diskret f\u00f6rpackning. S\u00e4ker shopping online!\" \/>\n<meta name=\"robots\" content=\"index, follow, max-snippet:-1, max-image-preview:large, max-video-preview:-1\" \/>\n<link rel=\"canonical\" href=\"https:\/\/www.akmek.no\/sv\/kop-generisk-viagra-receptfritt-i-ett-onlineapotek\/\" \/>\n<meta property=\"og:locale\" content=\"sv_SE\" \/>\n<meta property=\"og:type\" content=\"article\" \/>\n<meta property=\"og:title\" content=\"K\u00f6p generisk Viagra receptfritt i ett onlineapotek\" \/>\n<meta property=\"og:description\" content=\"K\u00f6p generisk Viagra utan recept online i Storbritannien. Snabb leverans, l\u00e5ga priser och diskret f\u00f6rpackning. S\u00e4ker shopping online!\" \/>\n<meta property=\"og:url\" content=\"https:\/\/www.akmek.no\/sv\/kop-generisk-viagra-receptfritt-i-ett-onlineapotek\/\" \/>\n<meta property=\"og:site_name\" content=\"AK Mekaniske\" \/>\n<meta property=\"article:modified_time\" content=\"2026-01-17T22:14:08+00:00\" \/>\n<meta property=\"og:image\" content=\"https:\/\/www.akmek.no\/wp-content\/uploads\/2023\/10\/viagra-generic.jpg\" \/>\n<meta name=\"twitter:card\" content=\"summary_large_image\" \/>\n<meta name=\"twitter:label1\" content=\"Ber\u00e4knad l\u00e4stid\" \/>\n\t<meta name=\"twitter:data1\" content=\"6 minuter\" \/>\n<script type=\"application\/ld+json\" class=\"yoast-schema-graph\">{\"@context\":\"https:\/\/schema.org\",\"@graph\":[{\"@type\":\"WebPage\",\"@id\":\"https:\/\/www.akmek.no\/sv\/kop-generisk-viagra-receptfritt-i-ett-onlineapotek\/\",\"url\":\"https:\/\/www.akmek.no\/sv\/kop-generisk-viagra-receptfritt-i-ett-onlineapotek\/\",\"name\":\"K\u00f6p generisk Viagra receptfritt i ett onlineapotek\",\"isPartOf\":{\"@id\":\"https:\/\/www.akmek.no\/#website\"},\"primaryImageOfPage\":{\"@id\":\"https:\/\/www.akmek.no\/sv\/kop-generisk-viagra-receptfritt-i-ett-onlineapotek\/#primaryimage\"},\"image\":{\"@id\":\"https:\/\/www.akmek.no\/sv\/kop-generisk-viagra-receptfritt-i-ett-onlineapotek\/#primaryimage\"},\"thumbnailUrl\":\"https:\/\/www.akmek.no\/wp-content\/uploads\/2023\/10\/viagra-generic.jpg\",\"datePublished\":\"2025-11-06T19:41:08+00:00\",\"dateModified\":\"2026-01-17T22:14:08+00:00\",\"description\":\"K\u00f6p generisk Viagra utan recept online i Storbritannien. Snabb leverans, l\u00e5ga priser och diskret f\u00f6rpackning. S\u00e4ker shopping online!\",\"breadcrumb\":{\"@id\":\"https:\/\/www.akmek.no\/sv\/kop-generisk-viagra-receptfritt-i-ett-onlineapotek\/#breadcrumb\"},\"inLanguage\":\"sv-SE\",\"potentialAction\":[{\"@type\":\"ReadAction\",\"target\":[\"https:\/\/www.akmek.no\/sv\/kop-generisk-viagra-receptfritt-i-ett-onlineapotek\/\"]}]},{\"@type\":\"ImageObject\",\"inLanguage\":\"sv-SE\",\"@id\":\"https:\/\/www.akmek.no\/sv\/kop-generisk-viagra-receptfritt-i-ett-onlineapotek\/#primaryimage\",\"url\":\"https:\/\/www.akmek.no\/wp-content\/uploads\/2023\/10\/viagra-generic.jpg\",\"contentUrl\":\"https:\/\/www.akmek.no\/wp-content\/uploads\/2023\/10\/viagra-generic.jpg\"},{\"@type\":\"BreadcrumbList\",\"@id\":\"https:\/\/www.akmek.no\/sv\/kop-generisk-viagra-receptfritt-i-ett-onlineapotek\/#breadcrumb\",\"itemListElement\":[{\"@type\":\"ListItem\",\"position\":1,\"name\":\"Hjem\",\"item\":\"https:\/\/www.akmek.no\/sv\/\"},{\"@type\":\"ListItem\",\"position\":2,\"name\":\"K\u00f6p generisk Viagra receptfritt i ett onlineapotek\"}]},{\"@type\":\"WebSite\",\"@id\":\"https:\/\/www.akmek.no\/#website\",\"url\":\"https:\/\/www.akmek.no\/\",\"name\":\"AK Mekaniske\",\"description\":\"Vi kan st\u00e5l\",\"potentialAction\":[{\"@type\":\"SearchAction\",\"target\":{\"@type\":\"EntryPoint\",\"urlTemplate\":\"https:\/\/www.akmek.no\/?s={search_term_string}\"},\"query-input\":{\"@type\":\"PropertyValueSpecification\",\"valueRequired\":true,\"valueName\":\"search_term_string\"}}],\"inLanguage\":\"sv-SE\"}]}<\/script>\n<!-- \/ Yoast SEO plugin. -->","yoast_head_json":{"title":"K\u00f6p generisk Viagra receptfritt i ett onlineapotek","description":"K\u00f6p generisk Viagra utan recept online i Storbritannien. Snabb leverans, l\u00e5ga priser och diskret f\u00f6rpackning. S\u00e4ker shopping online!","robots":{"index":"index","follow":"follow","max-snippet":"max-snippet:-1","max-image-preview":"max-image-preview:large","max-video-preview":"max-video-preview:-1"},"canonical":"https:\/\/www.akmek.no\/sv\/kop-generisk-viagra-receptfritt-i-ett-onlineapotek\/","og_locale":"sv_SE","og_type":"article","og_title":"K\u00f6p generisk Viagra receptfritt i ett onlineapotek","og_description":"K\u00f6p generisk Viagra utan recept online i Storbritannien. Snabb leverans, l\u00e5ga priser och diskret f\u00f6rpackning. S\u00e4ker shopping online!","og_url":"https:\/\/www.akmek.no\/sv\/kop-generisk-viagra-receptfritt-i-ett-onlineapotek\/","og_site_name":"AK Mekaniske","article_modified_time":"2026-01-17T22:14:08+00:00","og_image":[{"url":"https:\/\/www.akmek.no\/wp-content\/uploads\/2023\/10\/viagra-generic.jpg","type":"","width":"","height":""}],"twitter_card":"summary_large_image","twitter_misc":{"Ber\u00e4knad l\u00e4stid":"6 minuter"},"schema":{"@context":"https:\/\/schema.org","@graph":[{"@type":"WebPage","@id":"https:\/\/www.akmek.no\/sv\/kop-generisk-viagra-receptfritt-i-ett-onlineapotek\/","url":"https:\/\/www.akmek.no\/sv\/kop-generisk-viagra-receptfritt-i-ett-onlineapotek\/","name":"K\u00f6p generisk Viagra receptfritt i ett onlineapotek","isPartOf":{"@id":"https:\/\/www.akmek.no\/#website"},"primaryImageOfPage":{"@id":"https:\/\/www.akmek.no\/sv\/kop-generisk-viagra-receptfritt-i-ett-onlineapotek\/#primaryimage"},"image":{"@id":"https:\/\/www.akmek.no\/sv\/kop-generisk-viagra-receptfritt-i-ett-onlineapotek\/#primaryimage"},"thumbnailUrl":"https:\/\/www.akmek.no\/wp-content\/uploads\/2023\/10\/viagra-generic.jpg","datePublished":"2025-11-06T19:41:08+00:00","dateModified":"2026-01-17T22:14:08+00:00","description":"K\u00f6p generisk Viagra utan recept online i Storbritannien. Snabb leverans, l\u00e5ga priser och diskret f\u00f6rpackning. S\u00e4ker shopping online!","breadcrumb":{"@id":"https:\/\/www.akmek.no\/sv\/kop-generisk-viagra-receptfritt-i-ett-onlineapotek\/#breadcrumb"},"inLanguage":"sv-SE","potentialAction":[{"@type":"ReadAction","target":["https:\/\/www.akmek.no\/sv\/kop-generisk-viagra-receptfritt-i-ett-onlineapotek\/"]}]},{"@type":"ImageObject","inLanguage":"sv-SE","@id":"https:\/\/www.akmek.no\/sv\/kop-generisk-viagra-receptfritt-i-ett-onlineapotek\/#primaryimage","url":"https:\/\/www.akmek.no\/wp-content\/uploads\/2023\/10\/viagra-generic.jpg","contentUrl":"https:\/\/www.akmek.no\/wp-content\/uploads\/2023\/10\/viagra-generic.jpg"},{"@type":"BreadcrumbList","@id":"https:\/\/www.akmek.no\/sv\/kop-generisk-viagra-receptfritt-i-ett-onlineapotek\/#breadcrumb","itemListElement":[{"@type":"ListItem","position":1,"name":"Hjem","item":"https:\/\/www.akmek.no\/sv\/"},{"@type":"ListItem","position":2,"name":"K\u00f6p generisk Viagra receptfritt i ett onlineapotek"}]},{"@type":"WebSite","@id":"https:\/\/www.akmek.no\/#website","url":"https:\/\/www.akmek.no\/","name":"AK Mekaniske","description":"Vi kan st\u00e5l","potentialAction":[{"@type":"SearchAction","target":{"@type":"EntryPoint","urlTemplate":"https:\/\/www.akmek.no\/?s={search_term_string}"},"query-input":{"@type":"PropertyValueSpecification","valueRequired":true,"valueName":"search_term_string"}}],"inLanguage":"sv-SE"}]}},"_links":{"self":[{"href":"https:\/\/www.akmek.no\/sv\/wp-json\/wp\/v2\/pages\/14044","targetHints":{"allow":["GET"]}}],"collection":[{"href":"https:\/\/www.akmek.no\/sv\/wp-json\/wp\/v2\/pages"}],"about":[{"href":"https:\/\/www.akmek.no\/sv\/wp-json\/wp\/v2\/types\/page"}],"author":[{"embeddable":true,"href":"https:\/\/www.akmek.no\/sv\/wp-json\/wp\/v2\/users\/8"}],"replies":[{"embeddable":true,"href":"https:\/\/www.akmek.no\/sv\/wp-json\/wp\/v2\/comments?post=14044"}],"version-history":[{"count":12,"href":"https:\/\/www.akmek.no\/sv\/wp-json\/wp\/v2\/pages\/14044\/revisions"}],"predecessor-version":[{"id":14109,"href":"https:\/\/www.akmek.no\/sv\/wp-json\/wp\/v2\/pages\/14044\/revisions\/14109"}],"wp:attachment":[{"href":"https:\/\/www.akmek.no\/sv\/wp-json\/wp\/v2\/media?parent=14044"}],"curies":[{"name":"wp","href":"https:\/\/api.w.org\/{rel}","templated":true}]}}